{"id":72,"date":"2023-08-12T14:10:32","date_gmt":"2023-08-12T12:10:32","guid":{"rendered":"https:\/\/lakistrzal.com\/?page_id=72"},"modified":"2024-04-30T17:44:33","modified_gmt":"2024-04-30T15:44:33","slug":"szkolenia-strzeleckie","status":"publish","type":"page","link":"https:\/\/lakistrzal.com\/?page_id=72","title":{"rendered":""},"content":{"rendered":"\n<div class=\"wp-block-cover is-light\" style=\"min-height:475px;aspect-ratio:unset;\"><span aria-hidden=\"true\" class=\"wp-block-cover__background has-background-dim\"><\/span><img loading=\"lazy\" decoding=\"async\" width=\"940\" height=\"701\" class=\"wp-block-cover__image-background wp-image-371\" alt=\"\" src=\"https:\/\/lakistrza\u0142.pl\/wp-content\/uploads\/2023\/08\/Screenshot-2023-08-07-at-16-02-21-Facebook-1.png\" data-object-fit=\"cover\" srcset=\"https:\/\/lakistrzal.com\/wp-content\/uploads\/2023\/08\/Screenshot-2023-08-07-at-16-02-21-Facebook-1.png 940w, https:\/\/lakistrzal.com\/wp-content\/uploads\/2023\/08\/Screenshot-2023-08-07-at-16-02-21-Facebook-1-300x224.png 300w, https:\/\/lakistrzal.com\/wp-content\/uploads\/2023\/08\/Screenshot-2023-08-07-at-16-02-21-Facebook-1-768x573.png 768w\" sizes=\"auto, (max-width: 940px) 100vw, 940px\" \/><div class=\"wp-block-cover__inner-container is-layout-constrained wp-block-cover-is-layout-constrained\">\n<p class=\"has-text-align-center has-foreground-color has-text-color\" style=\"font-size:45px\"><strong>Szkolenie Strzeleckie<\/strong><\/p>\n<\/div><\/div>\n\n\n\n<p class=\"has-upper-heading-font-size\">Szkolenia indywidualne oraz grupowe bro\u0144 d\u0142uga, bro\u0144 kr\u00f3tka, szkolenie prowadzone mo\u017ce by\u0107 na broni dost\u0119pnej na obiekcie oraz na broni uczestnik\u00f3w. <\/p>\n\n\n\n<p class=\"has-upper-heading-font-size\"><strong>Zakres szkole\u0144:<\/strong><\/p>\n\n\n\n<ul class=\"has-upper-heading-font-size wp-block-list\">\n<li class=\"has-upper-heading-font-size\">budowa BAZY &#8211; postawa, chwyt broni, praca na przyrz\u0105dach, praca na spu\u015bcie<\/li>\n\n\n\n<li>strzelanie statyczne na r\u00f3\u017cnym dystansie<\/li>\n\n\n\n<li>przeniesienie celu<\/li>\n\n\n\n<li>zmiana postawy<\/li>\n\n\n\n<li>zmiana r\u0119ki<\/li>\n\n\n\n<li>przes\u0142ona<\/li>\n\n\n\n<li>strzelanie w ruchu<\/li>\n\n\n\n<li>wielostrza\u0142y &#8211; rytmika<\/li>\n\n\n\n<li>pomoc w uzyskaniu pozwolenia na bro\u0144 do cel\u00f3w kolekcjonerskich<\/li>\n\n\n\n<li>mo\u017cliwo\u015b\u0107 przej\u015bcia szkolenia zako\u0144czone egzaminem oraz certyfikatem<\/li>\n<\/ul>\n\n\n\n<p class=\"has-upper-heading-font-size\">Poziom szkole\u0144 dopasowany do <strong>poziomu szkolonych<\/strong>.<\/p>\n\n\n\n<figure class=\"wp-block-gallery has-nested-images columns-default is-cropped wp-block-gallery-1 is-layout-flex wp-block-gallery-is-layout-flex\">\n<figure class=\"wp-block-image size-large\"><img loading=\"lazy\" decoding=\"async\" width=\"800\" height=\"651\" data-id=\"378\" src=\"https:\/\/lakistrza\u0142.pl\/wp-content\/uploads\/2023\/08\/Screenshot-2023-08-07-at-16-07-01-Facebook-1.png\" alt=\"\" class=\"wp-image-378\" srcset=\"https:\/\/lakistrzal.com\/wp-content\/uploads\/2023\/08\/Screenshot-2023-08-07-at-16-07-01-Facebook-1.png 800w, https:\/\/lakistrzal.com\/wp-content\/uploads\/2023\/08\/Screenshot-2023-08-07-at-16-07-01-Facebook-1-300x244.png 300w, https:\/\/lakistrzal.com\/wp-content\/uploads\/2023\/08\/Screenshot-2023-08-07-at-16-07-01-Facebook-1-768x625.png 768w\" sizes=\"auto, (max-width: 800px) 100vw, 800px\" \/><\/figure>\n\n\n\n<figure class=\"wp-block-image size-large\"><img loading=\"lazy\" decoding=\"async\" width=\"1024\" height=\"768\" data-id=\"379\" src=\"https:\/\/lakistrza\u0142.pl\/wp-content\/uploads\/2023\/08\/received_155614914221802-1024x768.jpeg\" alt=\"\" class=\"wp-image-379\" srcset=\"https:\/\/lakistrzal.com\/wp-content\/uploads\/2023\/08\/received_155614914221802-1024x768.jpeg 1024w, https:\/\/lakistrzal.com\/wp-content\/uploads\/2023\/08\/received_155614914221802-300x225.jpeg 300w, https:\/\/lakistrzal.com\/wp-content\/uploads\/2023\/08\/received_155614914221802-768x576.jpeg 768w, https:\/\/lakistrzal.com\/wp-content\/uploads\/2023\/08\/received_155614914221802.jpeg 1179w\" sizes=\"auto, (max-width: 1024px) 100vw, 1024px\" \/><\/figure>\n<\/figure>\n","protected":false},"excerpt":{"rendered":"<p>Szkolenia indywidualne oraz grupowe bro\u0144 d\u0142uga, bro\u0144 kr\u00f3tka, szkolenie prowadzone mo\u017ce by\u0107 na broni dost\u0119pnej na obiekcie oraz na broni uczestnik\u00f3w. Zakres szkole\u0144: Poziom szkole\u0144 dopasowany do poziomu szkolonych.<\/p>\n","protected":false},"author":1,"featured_media":0,"parent":0,"menu_order":0,"comment_status":"closed","ping_status":"closed","template":"","meta":{"footnotes":""},"class_list":["post-72","page","type-page","status-publish","hentry"],"_links":{"self":[{"href":"https:\/\/lakistrzal.com\/index.php?rest_route=\/wp\/v2\/pages\/72","targetHints":{"allow":["GET"]}}],"collection":[{"href":"https:\/\/lakistrzal.com\/index.php?rest_route=\/wp\/v2\/pages"}],"about":[{"href":"https:\/\/lakistrzal.com\/index.php?rest_route=\/wp\/v2\/types\/page"}],"author":[{"embeddable":true,"href":"https:\/\/lakistrzal.com\/index.php?rest_route=\/wp\/v2\/users\/1"}],"replies":[{"embeddable":true,"href":"https:\/\/lakistrzal.com\/index.php?rest_route=%2Fwp%2Fv2%2Fcomments&post=72"}],"version-history":[{"count":14,"href":"https:\/\/lakistrzal.com\/index.php?rest_route=\/wp\/v2\/pages\/72\/revisions"}],"predecessor-version":[{"id":593,"href":"https:\/\/lakistrzal.com\/index.php?rest_route=\/wp\/v2\/pages\/72\/revisions\/593"}],"wp:attachment":[{"href":"https:\/\/lakistrzal.com\/index.php?rest_route=%2Fwp%2Fv2%2Fmedia&parent=72"}],"curies":[{"name":"wp","href":"https:\/\/api.w.org\/{rel}","templated":true}]}}