{"id":70,"date":"2023-08-12T14:09:50","date_gmt":"2023-08-12T12:09:50","guid":{"rendered":"https:\/\/lakistrzal.com\/?page_id=70"},"modified":"2024-04-30T17:44:23","modified_gmt":"2024-04-30T15:44:23","slug":"strzelanie-rekreacyjne","status":"publish","type":"page","link":"https:\/\/lakistrzal.com\/?page_id=70","title":{"rendered":""},"content":{"rendered":"\n<div class=\"wp-block-cover is-light\"><span aria-hidden=\"true\" class=\"wp-block-cover__background has-background-dim\"><\/span><img loading=\"lazy\" decoding=\"async\" width=\"694\" height=\"722\" class=\"wp-block-cover__image-background wp-image-382\" alt=\"\" src=\"https:\/\/lakistrza\u0142.pl\/wp-content\/uploads\/2023\/08\/Screenshot-2023-08-07-at-16-34-25-Facebook.png\" data-object-fit=\"cover\" srcset=\"https:\/\/lakistrzal.com\/wp-content\/uploads\/2023\/08\/Screenshot-2023-08-07-at-16-34-25-Facebook.png 694w, https:\/\/lakistrzal.com\/wp-content\/uploads\/2023\/08\/Screenshot-2023-08-07-at-16-34-25-Facebook-288x300.png 288w\" sizes=\"auto, (max-width: 694px) 100vw, 694px\" \/><div class=\"wp-block-cover__inner-container is-layout-constrained wp-block-cover-is-layout-constrained\">\n<p class=\"has-text-align-center has-foreground-color has-text-color\" style=\"font-size:45px\"><strong>Strzelanie rekreacyjne<\/strong><\/p>\n<\/div><\/div>\n\n\n\n<p class=\"has-upper-heading-font-size\">Strzelanie z broni centralnego, bocznego zap\u0142onu oraz g\u0142adkolufowej,  o\u015b 10 lub 50 metrowa, opieka instruktora, cele metalowe, strzelania okoliczno\u015bciowe, vouchery upominkowe &#8211;  indywidualnie oraz grupowo, strzela\u0107 mog\u0105 r\u00f3wnie\u017c dzieci jak i m\u0142odzie\u017c &#8211; dopasowanie odpowiedniego rodzaju broni do poziomu, wieku oraz umiej\u0119tno\u015bci strzelaj\u0105cego.<\/p>\n\n\n\n<figure class=\"wp-block-gallery has-nested-images columns-default is-cropped wp-block-gallery-1 is-layout-flex wp-block-gallery-is-layout-flex\">\n<figure class=\"wp-block-image size-large\"><img loading=\"lazy\" decoding=\"async\" width=\"914\" height=\"690\" data-id=\"386\" src=\"https:\/\/lakistrza\u0142.pl\/wp-content\/uploads\/2023\/08\/Screenshot-2023-08-07-at-16-30-42-Facebook.png\" alt=\"\" class=\"wp-image-386\" srcset=\"https:\/\/lakistrzal.com\/wp-content\/uploads\/2023\/08\/Screenshot-2023-08-07-at-16-30-42-Facebook.png 914w, https:\/\/lakistrzal.com\/wp-content\/uploads\/2023\/08\/Screenshot-2023-08-07-at-16-30-42-Facebook-300x226.png 300w, https:\/\/lakistrzal.com\/wp-content\/uploads\/2023\/08\/Screenshot-2023-08-07-at-16-30-42-Facebook-768x580.png 768w\" sizes=\"auto, (max-width: 914px) 100vw, 914px\" \/><\/figure>\n\n\n\n<figure class=\"wp-block-image size-large\"><img loading=\"lazy\" decoding=\"async\" width=\"630\" height=\"584\" data-id=\"387\" src=\"https:\/\/lakistrza\u0142.pl\/wp-content\/uploads\/2023\/08\/Screenshot-2023-08-07-at-16-28-39-Facebook-2.png\" alt=\"\" class=\"wp-image-387\" srcset=\"https:\/\/lakistrzal.com\/wp-content\/uploads\/2023\/08\/Screenshot-2023-08-07-at-16-28-39-Facebook-2.png 630w, https:\/\/lakistrzal.com\/wp-content\/uploads\/2023\/08\/Screenshot-2023-08-07-at-16-28-39-Facebook-2-300x278.png 300w\" sizes=\"auto, (max-width: 630px) 100vw, 630px\" \/><\/figure>\n<\/figure>\n","protected":false},"excerpt":{"rendered":"<p>Strzelanie z broni centralnego, bocznego zap\u0142onu oraz g\u0142adkolufowej, o\u015b 10 lub 50 metrowa, opieka instruktora, cele metalowe, strzelania okoliczno\u015bciowe, vouchery upominkowe &#8211; indywidualnie oraz grupowo, strzela\u0107 mog\u0105 r\u00f3wnie\u017c dzieci jak i m\u0142odzie\u017c &#8211; dopasowanie odpowiedniego rodzaju broni do poziomu, wieku oraz umiej\u0119tno\u015bci strzelaj\u0105cego.<\/p>\n","protected":false},"author":1,"featured_media":0,"parent":0,"menu_order":0,"comment_status":"closed","ping_status":"closed","template":"","meta":{"footnotes":""},"class_list":["post-70","page","type-page","status-publish","hentry"],"_links":{"self":[{"href":"https:\/\/lakistrzal.com\/index.php?rest_route=\/wp\/v2\/pages\/70","targetHints":{"allow":["GET"]}}],"collection":[{"href":"https:\/\/lakistrzal.com\/index.php?rest_route=\/wp\/v2\/pages"}],"about":[{"href":"https:\/\/lakistrzal.com\/index.php?rest_route=\/wp\/v2\/types\/page"}],"author":[{"embeddable":true,"href":"https:\/\/lakistrzal.com\/index.php?rest_route=\/wp\/v2\/users\/1"}],"replies":[{"embeddable":true,"href":"https:\/\/lakistrzal.com\/index.php?rest_route=%2Fwp%2Fv2%2Fcomments&post=70"}],"version-history":[{"count":9,"href":"https:\/\/lakistrzal.com\/index.php?rest_route=\/wp\/v2\/pages\/70\/revisions"}],"predecessor-version":[{"id":594,"href":"https:\/\/lakistrzal.com\/index.php?rest_route=\/wp\/v2\/pages\/70\/revisions\/594"}],"wp:attachment":[{"href":"https:\/\/lakistrzal.com\/index.php?rest_route=%2Fwp%2Fv2%2Fmedia&parent=70"}],"curies":[{"name":"wp","href":"https:\/\/api.w.org\/{rel}","templated":true}]}}