{"id":63,"date":"2023-08-12T13:56:21","date_gmt":"2023-08-12T11:56:21","guid":{"rendered":"https:\/\/lakistrzal.com\/?page_id=63"},"modified":"2025-04-10T17:42:17","modified_gmt":"2025-04-10T15:42:17","slug":"o-mnie","status":"publish","type":"page","link":"https:\/\/lakistrzal.com\/?page_id=63","title":{"rendered":"O mnie.."},"content":{"rendered":"\n<div class=\"wp-block-media-text alignwide is-stacked-on-mobile has-upper-heading-font-size\" style=\"grid-template-columns:26% auto\"><figure class=\"wp-block-media-text__media\"><img loading=\"lazy\" decoding=\"async\" width=\"324\" height=\"635\" src=\"https:\/\/lakistrza\u0142.pl\/wp-content\/uploads\/2023\/08\/image.png\" alt=\"\" class=\"wp-image-240 size-full\" srcset=\"https:\/\/lakistrzal.com\/wp-content\/uploads\/2023\/08\/image.png 324w, https:\/\/lakistrzal.com\/wp-content\/uploads\/2023\/08\/image-153x300.png 153w\" sizes=\"auto, (max-width: 324px) 100vw, 324px\" \/><\/figure><div class=\"wp-block-media-text__content\">\n<p class=\"has-upper-heading-font-size\"><strong>\u0141ukasz Cnota &#8222;Laki&#8221; rocznik 78&#8242;<\/strong><\/p>\n\n\n\n<p class=\"has-upper-heading-font-size\">Po og\u00f3lniaku zaci\u0105ga si\u0119 do Armii, pomimo nieprzychylno\u015bci kadry na WKU 1997 rok.<\/p>\n\n\n\n<ul class=\"wp-block-list\">\n<li class=\"has-upper-heading-font-size\"> Listopad 1997 &#8211; <strong>6 batalion desantowo-szturmowy Niepo\u0142omice\/Gliwice<\/strong> &#8211; kurs podoficerski, kompania szturmowa, pluton rozpoznawczy<\/li>\n\n\n\n<li class=\"has-upper-heading-font-size\">Podoficerska Szko\u0142a Zawodowa na WSO Wroc\u0142aw &#8211; kurs Aeromobilny<\/li>\n\n\n\n<li>PLDC NCO US Army<\/li>\n\n\n\n<li>BNCOC US Army<\/li>\n\n\n\n<li>od 2011 roku &#8211; Wojska Specjalne &#8211; JWN &#8211; IMINT<\/li>\n\n\n\n<li>3 x wizyta w <strong>Afganistanie<\/strong><\/li>\n\n\n\n<li>1 x wizyta w <strong>Iraku<\/strong><\/li>\n\n\n\n<li>Kursy specjalistyczne w <strong>USA<\/strong><\/li>\n\n\n\n<li><strong>Specjalizacja<\/strong> &#8211; rozpoznanie w g\u00f3rach, obs\u0142uga system\u00f3w bezza\u0142ogowych, przetrwanie w r\u00f3\u017cnych warunkach<\/li>\n\n\n\n<li><strong>23 lata<\/strong> w mundurze<\/li>\n<\/ul>\n<\/div><\/div>\n\n\n\n<h4 class=\"wp-block-heading has-text-align-center has-gray-color has-text-color\">Firmy z kt\u00f3rymi wsp\u00f3\u0142pracuj\u0119<\/h4>\n\n\n\n<figure class=\"wp-block-gallery has-nested-images columns-default wp-block-gallery-2 is-layout-flex wp-block-gallery-is-layout-flex\" style=\"margin-right:0;margin-left:0\">\n<figure class=\"wp-block-image size-large\"><a href=\"https:\/\/krakarmory.pl\/\"><img loading=\"lazy\" decoding=\"async\" width=\"206\" height=\"92\" data-id=\"281\" src=\"https:\/\/lakistrzal.com\/wp-content\/uploads\/2023\/08\/krak-armory-2.png\" alt=\"\" class=\"wp-image-281\"\/><\/a><\/figure>\n\n\n\n<figure class=\"wp-block-image size-large\"><a href=\"https:\/\/www.facebook.com\/profile.php?id=100088398540834\"><img loading=\"lazy\" decoding=\"async\" width=\"654\" height=\"367\" data-id=\"243\" src=\"https:\/\/lakistrzal.com\/wp-content\/uploads\/2023\/08\/badger-1.png\" alt=\"\" class=\"wp-image-243\" srcset=\"https:\/\/lakistrzal.com\/wp-content\/uploads\/2023\/08\/badger-1.png 654w, https:\/\/lakistrzal.com\/wp-content\/uploads\/2023\/08\/badger-1-300x168.png 300w\" sizes=\"auto, (max-width: 654px) 100vw, 654px\" \/><\/a><\/figure>\n\n\n\n<figure class=\"wp-block-image size-large wp-duotone-ffffff-ffffff-1\"><a href=\"https:\/\/rwhunt.pl\/\"><img loading=\"lazy\" decoding=\"async\" width=\"182\" height=\"109\" data-id=\"279\" src=\"https:\/\/lakistrzal.com\/wp-content\/uploads\/2023\/08\/rwhunt-4.png\" alt=\"\" class=\"wp-image-279\"\/><\/a><\/figure>\n<\/figure>\n\n\n\n<figure class=\"wp-block-gallery has-nested-images columns-default is-cropped wp-block-gallery-3 is-layout-flex wp-block-gallery-is-layout-flex\" style=\"margin-right:0;margin-left:0\">\n<figure class=\"wp-block-image size-large\"><a href=\"https:\/\/www.facebook.com\/pl.knives\"><img loading=\"lazy\" decoding=\"async\" width=\"160\" height=\"86\" data-id=\"315\" src=\"https:\/\/lakistrzal.com\/wp-content\/uploads\/2023\/08\/knives-17-edited.png\" alt=\"\" class=\"wp-image-315\"\/><\/a><\/figure>\n\n\n\n<figure class=\"wp-block-image size-large\"><a href=\"https:\/\/riflecx.com\/\"><img loading=\"lazy\" decoding=\"async\" width=\"200\" height=\"100\" data-id=\"265\" src=\"https:\/\/lakistrzal.com\/wp-content\/uploads\/2023\/08\/xlogo-z-tlem.png.pagespeed.ic_.ciSxwFfKcW.webp\" alt=\"\" class=\"wp-image-265\"\/><\/a><\/figure>\n\n\n\n<figure class=\"wp-block-image size-large\"><a href=\"https:\/\/gnpforgun.com\/pl\/\"><img loading=\"lazy\" decoding=\"async\" width=\"392\" height=\"138\" data-id=\"362\" src=\"https:\/\/lakistrzal.com\/wp-content\/uploads\/2023\/08\/nano-22.png\" alt=\"\" class=\"wp-image-362\" srcset=\"https:\/\/lakistrzal.com\/wp-content\/uploads\/2023\/08\/nano-22.png 392w, https:\/\/lakistrzal.com\/wp-content\/uploads\/2023\/08\/nano-22-300x106.png 300w\" sizes=\"auto, (max-width: 392px) 100vw, 392px\" \/><\/a><\/figure>\n<\/figure>\n\n\n\n<figure class=\"wp-block-gallery has-nested-images columns-default wp-block-gallery-4 is-layout-flex wp-block-gallery-is-layout-flex\">\n<figure class=\"wp-block-image size-large\"><a href=\"https:\/\/haftkomp.pl\/\"><img loading=\"lazy\" decoding=\"async\" width=\"296\" height=\"85\" data-id=\"331\" src=\"https:\/\/lakistrzal.com\/wp-content\/uploads\/2023\/08\/haft-3.png\" alt=\"\" class=\"wp-image-331\"\/><\/a><\/figure>\n\n\n\n<figure class=\"wp-block-image size-large\"><a href=\"https:\/\/funtourscracow.com\/\"><img loading=\"lazy\" decoding=\"async\" width=\"300\" height=\"161\" data-id=\"337\" src=\"https:\/\/lakistrzal.com\/wp-content\/uploads\/2023\/08\/fun-3.png\" alt=\"\" class=\"wp-image-337\"\/><\/a><\/figure>\n\n\n\n<figure class=\"wp-block-image alignright size-full\"><a href=\"https:\/\/jcarmament.com\/\"><img loading=\"lazy\" decoding=\"async\" width=\"297\" height=\"116\" data-id=\"326\" src=\"https:\/\/lakistrzal.com\/wp-content\/uploads\/2023\/08\/jc-2.png\" alt=\"\" class=\"wp-image-326\"\/><\/a><\/figure>\n<\/figure>\n\n\n\n<div class=\"wp-block-columns is-layout-flex wp-container-core-columns-is-layout-28f84493 wp-block-columns-is-layout-flex\">\n<div class=\"wp-block-column is-layout-flow wp-block-column-is-layout-flow\">\n<figure class=\"wp-block-image size-full is-resized\"><a href=\"https:\/\/artgun.pl\/\"><img loading=\"lazy\" decoding=\"async\" width=\"400\" height=\"223\" src=\"https:\/\/lakistrzal.com\/wp-content\/uploads\/2023\/10\/artgun-6.jpg\" alt=\"\" class=\"wp-image-488\" style=\"aspect-ratio:1.7937219730941705;width:265px;height:auto\" srcset=\"https:\/\/lakistrzal.com\/wp-content\/uploads\/2023\/10\/artgun-6.jpg 400w, https:\/\/lakistrzal.com\/wp-content\/uploads\/2023\/10\/artgun-6-300x167.jpg 300w\" sizes=\"auto, (max-width: 400px) 100vw, 400px\" \/><\/a><\/figure>\n<\/div>\n\n\n\n<div class=\"wp-block-column is-layout-flow wp-block-column-is-layout-flow\" style=\"padding-top:var(--wp--preset--spacing--60)\">\n<figure class=\"wp-block-image size-full is-resized wp-duotone-ffffff-ffffff-5\"><a href=\"https:\/\/durabo.eu\/\"><img loading=\"lazy\" decoding=\"async\" width=\"300\" height=\"59\" src=\"https:\/\/lakistrzal.com\/wp-content\/uploads\/2023\/10\/durabo-2.webp\" alt=\"\" class=\"wp-image-489\" style=\"aspect-ratio:5.084745762711864;width:417px;height:auto\"\/><\/a><\/figure>\n<\/div>\n<\/div>\n","protected":false},"excerpt":{"rendered":"<p>Firmy z kt\u00f3rymi wsp\u00f3\u0142pracuj\u0119<\/p>\n","protected":false},"author":1,"featured_media":0,"parent":0,"menu_order":0,"comment_status":"closed","ping_status":"closed","template":"","meta":{"footnotes":""},"class_list":["post-63","page","type-page","status-publish","hentry"],"_links":{"self":[{"href":"https:\/\/lakistrzal.com\/index.php?rest_route=\/wp\/v2\/pages\/63","targetHints":{"allow":["GET"]}}],"collection":[{"href":"https:\/\/lakistrzal.com\/index.php?rest_route=\/wp\/v2\/pages"}],"about":[{"href":"https:\/\/lakistrzal.com\/index.php?rest_route=\/wp\/v2\/types\/page"}],"author":[{"embeddable":true,"href":"https:\/\/lakistrzal.com\/index.php?rest_route=\/wp\/v2\/users\/1"}],"replies":[{"embeddable":true,"href":"https:\/\/lakistrzal.com\/index.php?rest_route=%2Fwp%2Fv2%2Fcomments&post=63"}],"version-history":[{"count":42,"href":"https:\/\/lakistrzal.com\/index.php?rest_route=\/wp\/v2\/pages\/63\/revisions"}],"predecessor-version":[{"id":712,"href":"https:\/\/lakistrzal.com\/index.php?rest_route=\/wp\/v2\/pages\/63\/revisions\/712"}],"wp:attachment":[{"href":"https:\/\/lakistrzal.com\/index.php?rest_route=%2Fwp%2Fv2%2Fmedia&parent=63"}],"curies":[{"name":"wp","href":"https:\/\/api.w.org\/{rel}","templated":true}]}}