{"id":61,"date":"2023-08-12T13:55:13","date_gmt":"2023-08-12T11:55:13","guid":{"rendered":"https:\/\/lakistrzal.com\/?page_id=61"},"modified":"2025-07-22T20:02:46","modified_gmt":"2025-07-22T18:02:46","slug":"o-strzelnicy","status":"publish","type":"page","link":"https:\/\/lakistrzal.com\/?page_id=61","title":{"rendered":"Cennik"},"content":{"rendered":"\n<p class=\"has-upper-heading-font-size\">Prowadz\u0105cy \u2013 <strong>30z\u0142<\/strong> (od osoby, w przypadku wi\u0119kszej grupy cena uzgadniana indywidualnie) Instruktor \u2013 <strong>100z\u0142<\/strong>\/godz \u2013 szkolenie \/ szerszy zakres<\/p>\n\n\n\n<p class=\"has-upper-heading-font-size\">Udost\u0119pnienie broni \u2013 <strong>10z\u0142<\/strong>\/szt (ka\u017cda)<\/p>\n\n\n\n<p class=\"has-upper-heading-font-size\"><strong>Amunicja (udost\u0119pniana podczas szkolenia) <\/strong><\/p>\n\n\n\n<ul class=\"wp-block-list\">\n<li style=\"font-size:17px\">9mmPARA &#8211; 1 szt \u2013 <strong>3 z\u0142<\/strong> &#8211;<\/li>\n\n\n\n<li style=\"font-size:17px\">5.56\/.223. &#8211; 1 szt \u2013 <strong>5 z\u0142 <\/strong>&#8211;<\/li>\n\n\n\n<li style=\"font-size:17px\">7.62&#215;39 &#8211; 1szt- <strong>5z\u0142<\/strong> &#8211;<\/li>\n\n\n\n<li style=\"font-size:17px\">12mm &#8211; 1 szt \u2013 <strong>3 z\u0142<\/strong> g\u0142adkolufowa &#8211;<\/li>\n\n\n\n<li style=\"font-size:17px\">5.6mm -50szt \u2013 <strong>50z\u0142<\/strong> (boczny zap\u0142on)<\/li>\n<\/ul>\n\n\n\n<p class=\"has-upper-heading-font-size\">Stanowisko o\u015b kr\u00f3tka \u2013 <strong>30z\u0142<\/strong> (od osoby) \u2013 1.5 godz.<\/p>\n\n\n\n<p class=\"has-upper-heading-font-size\">Stanowisko o\u015b d\u0142uga \u2013 <strong>40z\u0142<\/strong> (od osoby) \u2013 1.5 godz.<\/p>\n\n\n\n<p class=\"has-upper-heading-font-size\"><strong>Wypo\u017cyczenie celi metalowych<\/strong> \u2013 <strong>40 z\u0142 szt<\/strong> (drzewko, gong, zak\u0142adnik1\/zak\u0142adnik2, tarczownica, grz\u0119da, poper)<\/p>\n\n\n\n<p class=\"has-upper-heading-font-size\"><strong>Weterani <\/strong>\u2013 wst\u0119p na strzelnic\u0119 <strong>-50%<\/strong>, Weterani poszkodowani wst\u0119p na strzelnic\u0119 <strong>bezp\u0142atny<\/strong> &#8211; p\u0142atno\u015b\u0107 za wykorzystanie sprz\u0119tu lub udost\u0119pnienie broni dla weteran\u00f3w ustalam indywidualnie<\/p>\n\n\n\n<p class=\"has-upper-heading-font-size\">Karnet \u2013 5 wej\u015b\u0107 \u2013 <strong>170z\u0142<\/strong> \/ 10 wej\u015b\u0107 <strong>300z\u0142<\/strong> (w\u0142asna bro\u0144, do wykorzystania w danym roku)<\/p>\n\n\n\n<p class=\"has-upper-heading-font-size\">Mo\u017cliwo\u015b\u0107 zakupu <strong>vouchera<\/strong> na strzelanie okoliczno\u015bciowe \u2013 III pakiety do wyboru \u2013 koszt <strong>300z\u0142<\/strong> Termin realizacji pakietu &#8211; <strong>do trzech miesi\u0119cy<\/strong><\/p>\n\n\n\n<p class=\"has-text-align-center has-upper-heading-font-size\"><strong>Pakiety<\/strong> (<strong>I<\/strong>, <strong>II<\/strong>, <strong>III<\/strong> cena:<strong> 320z\u0142<\/strong>)<\/p>\n\n\n\n<ul class=\"wp-block-list\">\n<li style=\"font-size:17px\"><strong>Pakiet I Bro\u0144 kr\u00f3tka<\/strong> : &#8211; pistolet bocznego zap\u0142onu + 50 szt amunicji &#8211; pistolet GLOCK 17 gen III &#8211; pistolet CZ P10SC lub CZ P07 &#8211; 20szt ammo 9mmPARA<\/li>\n\n\n\n<li style=\"font-size:17px\"><strong>Pakiet II Bro\u0144 d\u0142uga<\/strong> : &#8211; karabinek AR + 10szt amunicji (DB 15) &#8211; karabinek AK do wyboru (MiniJack \/ Saiga) \u2013 10 szt amunicji &#8211; strzelba \u20135 szt amunicji (Hatsan Escort)<\/li>\n\n\n\n<li style=\"font-size:17px\"><strong>Pakiet III Mix<\/strong> : &#8211; pistolet do wyboru \u2013 Glock lub CZ \u2013 20 szt amunicji &#8211; karabinek do wyboru \u2013 MiniJack\/Saiga\/DB15 \u2013 10 szt amunicji &#8211; strzelba \u2013 5 szt amunicji<\/li>\n\n\n\n<li style=\"font-size:17px\"><strong>Pakiet IV<\/strong> <strong>Indywidualny<\/strong> : cena do uzgodnienia jak r\u00f3wnie\u017c zawarto\u015b\u0107 pakietu<\/li>\n<\/ul>\n\n\n\n<p class=\"has-upper-heading-font-size\">Udost\u0119pnienie osi 50m z w\u0142asn\u0105 broni\u0105 oraz amunicj\u0105- <strong>150z\u0142 <\/strong>1godz, do 10 os\u00f3b, powy\u017cej tej liczby os\u00f3b cena uzgadniana indywidualnie.<\/p>\n\n\n\n<p class=\"has-upper-heading-font-size\"> Udost\u0119pnienie osi 10m &#8211; <strong>200z\u0142<\/strong> ca\u0142y dzie\u0144<\/p>\n\n\n\n<p class=\"has-upper-heading-font-size\">P\u0142atno\u015b\u0107 &#8211; <strong>got\u00f3wka<\/strong> lub przelew <strong>BLIK<\/strong> na telefon<\/p>\n\n\n\n<p class=\"has-upper-heading-font-size\">Mo\u017cliwo\u015b\u0107 strzelania w innych godzinach po wcze\u015bniejszym uzgodnieniu z \u2026<strong>Lakim<\/strong>.(cena uzgadniana indywidualnie)<\/p>\n\n\n\n<p class=\"has-upper-heading-font-size\">W okresie zimowym funkcjonowanie strzelnicy w dniach \u015broda-pi\u0105tek na zasadzie wcze\u015bniejszego kontaktu z <strong>Lakim<\/strong>\u2026<\/p>\n","protected":false},"excerpt":{"rendered":"<p>Prowadz\u0105cy \u2013 30z\u0142 (od osoby, w przypadku wi\u0119kszej grupy cena uzgadniana indywidualnie) Instruktor \u2013 100z\u0142\/godz \u2013 szkolenie \/ szerszy zakres Udost\u0119pnienie broni \u2013 10z\u0142\/szt (ka\u017cda) Amunicja (udost\u0119pniana podczas szkolenia) Stanowisko o\u015b kr\u00f3tka \u2013 30z\u0142 (od osoby) \u2013 1.5 godz. Stanowisko o\u015b d\u0142uga \u2013 40z\u0142 (od osoby) \u2013 1.5 godz. Wypo\u017cyczenie celi metalowych \u2013 40 z\u0142 [&hellip;]<\/p>\n","protected":false},"author":1,"featured_media":0,"parent":0,"menu_order":0,"comment_status":"closed","ping_status":"closed","template":"","meta":{"footnotes":""},"class_list":["post-61","page","type-page","status-publish","hentry"],"_links":{"self":[{"href":"https:\/\/lakistrzal.com\/index.php?rest_route=\/wp\/v2\/pages\/61","targetHints":{"allow":["GET"]}}],"collection":[{"href":"https:\/\/lakistrzal.com\/index.php?rest_route=\/wp\/v2\/pages"}],"about":[{"href":"https:\/\/lakistrzal.com\/index.php?rest_route=\/wp\/v2\/types\/page"}],"author":[{"embeddable":true,"href":"https:\/\/lakistrzal.com\/index.php?rest_route=\/wp\/v2\/users\/1"}],"replies":[{"embeddable":true,"href":"https:\/\/lakistrzal.com\/index.php?rest_route=%2Fwp%2Fv2%2Fcomments&post=61"}],"version-history":[{"count":21,"href":"https:\/\/lakistrzal.com\/index.php?rest_route=\/wp\/v2\/pages\/61\/revisions"}],"predecessor-version":[{"id":715,"href":"https:\/\/lakistrzal.com\/index.php?rest_route=\/wp\/v2\/pages\/61\/revisions\/715"}],"wp:attachment":[{"href":"https:\/\/lakistrzal.com\/index.php?rest_route=%2Fwp%2Fv2%2Fmedia&parent=61"}],"curies":[{"name":"wp","href":"https:\/\/api.w.org\/{rel}","templated":true}]}}