{"id":106,"date":"2023-08-22T20:55:54","date_gmt":"2023-08-22T18:55:54","guid":{"rendered":"https:\/\/lakistrza\u0142.pl\/?page_id=106"},"modified":"2024-03-25T15:51:51","modified_gmt":"2024-03-25T14:51:51","slug":"o-obiekcie","status":"publish","type":"page","link":"https:\/\/lakistrzal.com\/?page_id=106","title":{"rendered":"O obiekcie.."},"content":{"rendered":"\n<p class=\"has-upper-heading-font-size\">Obiekt szkoleniowy :<\/p>\n\n\n\n<p class=\"has-upper-heading-font-size\"><strong>3 x o\u015b 10\/12m<\/strong> &#8211; dwu trzy stanowiskowe &#8211; niezale\u017cne &#8211; mo\u017cna prowadzi\u0107 strzelanie z pistoletu, rewolweru, karabink\u00f3w w kalibrze <strong>5.56<\/strong>, oraz strzelba <strong>g\u0142adkolufowa<\/strong>, r\u00f3wnie\u017c <strong>CP<\/strong> po uprzednim sprawdzeniu przez <strong>Lakiego<\/strong> znajomo\u015bci oraz stosowania <strong>zasad bezpiecze\u0144stwa<\/strong>, o\u015bki s\u0105 zadaszone<\/p>\n\n\n\n<p class=\"has-upper-heading-font-size\"><strong>1x o\u015b 50m<\/strong> &#8211; ilo\u015b\u0107 os\u00f3b dostosowana do rodzaju strzela\u0144 &#8211; wg uznania <strong>Lakiego<\/strong>, mo\u017cna prowadzi\u0107 strzelania z ka\u017cdego dost\u0119pnego kalibru, o\u015b jest zadaszona, mo\u017cliwo\u015b\u0107 wynaj\u0119cia <strong>celi metalowych<\/strong>, przes\u0142ony, podesty do strzelania z postawy le\u017c\u0105c, stoliki, mo\u017cliwo\u015b\u0107 strzelania w ruchu, w trzech kierunkach, mo\u017cliwo\u015b\u0107 u\u017cycia pojazdu, strzelania <strong>po zmroku<\/strong> po uzgodnieniu z<strong> Lakim<\/strong><\/p>\n\n\n\n<h4 class=\"wp-block-heading has-text-align-center\" style=\"margin-top:var(--wp--preset--spacing--70);margin-bottom:var(--wp--preset--spacing--70)\">Jednostki broni dost\u0119pne na Strzelnicy<\/h4>\n\n\n\n<h5 class=\"wp-block-heading has-text-align-center\">Pistolety<\/h5>\n\n\n\n<figure class=\"wp-block-image aligncenter size-full is-resized\"><img loading=\"lazy\" decoding=\"async\" width=\"792\" height=\"596\" src=\"https:\/\/lakistrzal.com\/wp-content\/uploads\/2023\/10\/pistolety.png\" alt=\"\" class=\"wp-image-462\" style=\"object-fit:cover;width:556px;height:369px\" srcset=\"https:\/\/lakistrzal.com\/wp-content\/uploads\/2023\/10\/pistolety.png 792w, https:\/\/lakistrzal.com\/wp-content\/uploads\/2023\/10\/pistolety-300x226.png 300w, https:\/\/lakistrzal.com\/wp-content\/uploads\/2023\/10\/pistolety-768x578.png 768w\" sizes=\"auto, (max-width: 792px) 100vw, 792px\" \/><\/figure>\n\n\n\n<h5 class=\"wp-block-heading has-text-align-center\">Strzelba<\/h5>\n\n\n\n<figure class=\"wp-block-image aligncenter size-large\"><img loading=\"lazy\" decoding=\"async\" width=\"1024\" height=\"272\" src=\"https:\/\/lakistrzal.com\/wp-content\/uploads\/2023\/10\/strzelba-1024x272.jpg\" alt=\"\" class=\"wp-image-463\" srcset=\"https:\/\/lakistrzal.com\/wp-content\/uploads\/2023\/10\/strzelba-1024x272.jpg 1024w, https:\/\/lakistrzal.com\/wp-content\/uploads\/2023\/10\/strzelba-300x80.jpg 300w, https:\/\/lakistrzal.com\/wp-content\/uploads\/2023\/10\/strzelba-768x204.jpg 768w, https:\/\/lakistrzal.com\/wp-content\/uploads\/2023\/10\/strzelba-1536x408.jpg 1536w, https:\/\/lakistrzal.com\/wp-content\/uploads\/2023\/10\/strzelba.jpg 1600w\" sizes=\"auto, (max-width: 1024px) 100vw, 1024px\" \/><\/figure>\n\n\n\n<h5 class=\"wp-block-heading has-text-align-center\">Platforma AK<\/h5>\n\n\n\n<div class=\"wp-block-columns is-layout-flex wp-container-core-columns-is-layout-28f84493 wp-block-columns-is-layout-flex\">\n<div class=\"wp-block-column is-layout-flow wp-block-column-is-layout-flow\">\n<figure class=\"wp-block-image size-large is-resized\"><img loading=\"lazy\" decoding=\"async\" width=\"1024\" height=\"356\" src=\"https:\/\/lakistrzal.com\/wp-content\/uploads\/2023\/10\/saiga-1024x356.jpg\" alt=\"\" class=\"wp-image-464\" style=\"object-fit:cover;width:365px;height:140px\" srcset=\"https:\/\/lakistrzal.com\/wp-content\/uploads\/2023\/10\/saiga-1024x356.jpg 1024w, https:\/\/lakistrzal.com\/wp-content\/uploads\/2023\/10\/saiga-300x104.jpg 300w, https:\/\/lakistrzal.com\/wp-content\/uploads\/2023\/10\/saiga-768x267.jpg 768w, https:\/\/lakistrzal.com\/wp-content\/uploads\/2023\/10\/saiga-1536x534.jpg 1536w, https:\/\/lakistrzal.com\/wp-content\/uploads\/2023\/10\/saiga.jpg 1600w\" sizes=\"auto, (max-width: 1024px) 100vw, 1024px\" \/><\/figure>\n<\/div>\n\n\n\n<div class=\"wp-block-column is-layout-flow wp-block-column-is-layout-flow\">\n<figure class=\"wp-block-image size-large is-resized\"><img loading=\"lazy\" decoding=\"async\" width=\"1024\" height=\"451\" src=\"https:\/\/lakistrzal.com\/wp-content\/uploads\/2023\/10\/minijack-1024x451.jpg\" alt=\"\" class=\"wp-image-465\" style=\"object-fit:cover;width:365px;height:140px\" srcset=\"https:\/\/lakistrzal.com\/wp-content\/uploads\/2023\/10\/minijack-1024x451.jpg 1024w, https:\/\/lakistrzal.com\/wp-content\/uploads\/2023\/10\/minijack-300x132.jpg 300w, https:\/\/lakistrzal.com\/wp-content\/uploads\/2023\/10\/minijack-768x338.jpg 768w, https:\/\/lakistrzal.com\/wp-content\/uploads\/2023\/10\/minijack-1536x677.jpg 1536w, https:\/\/lakistrzal.com\/wp-content\/uploads\/2023\/10\/minijack.jpg 1600w\" sizes=\"auto, (max-width: 1024px) 100vw, 1024px\" \/><\/figure>\n<\/div>\n<\/div>\n\n\n\n<p><\/p>\n\n\n\n<h5 class=\"wp-block-heading has-text-align-center\">Platforma AR<\/h5>\n\n\n\n<div class=\"wp-block-columns is-layout-flex wp-container-core-columns-is-layout-28f84493 wp-block-columns-is-layout-flex\">\n<div class=\"wp-block-column is-layout-flow wp-block-column-is-layout-flow\">\n<figure class=\"wp-block-image size-large is-resized\"><img loading=\"lazy\" decoding=\"async\" width=\"1024\" height=\"426\" src=\"https:\/\/lakistrzal.com\/wp-content\/uploads\/2023\/10\/db15-1024x426.jpg\" alt=\"\" class=\"wp-image-466\" style=\"object-fit:cover;width:365px;height:140px\" srcset=\"https:\/\/lakistrzal.com\/wp-content\/uploads\/2023\/10\/db15-1024x426.jpg 1024w, https:\/\/lakistrzal.com\/wp-content\/uploads\/2023\/10\/db15-300x125.jpg 300w, https:\/\/lakistrzal.com\/wp-content\/uploads\/2023\/10\/db15-768x319.jpg 768w, https:\/\/lakistrzal.com\/wp-content\/uploads\/2023\/10\/db15-1536x638.jpg 1536w, https:\/\/lakistrzal.com\/wp-content\/uploads\/2023\/10\/db15.jpg 1600w\" sizes=\"auto, (max-width: 1024px) 100vw, 1024px\" \/><\/figure>\n<\/div>\n\n\n\n<div class=\"wp-block-column is-layout-flow wp-block-column-is-layout-flow\">\n<figure class=\"wp-block-image size-large is-resized\"><img loading=\"lazy\" decoding=\"async\" width=\"1024\" height=\"394\" src=\"https:\/\/lakistrzal.com\/wp-content\/uploads\/2023\/10\/22.lr_-1024x394.jpg\" alt=\"\" class=\"wp-image-467\" style=\"object-fit:cover;width:410px;height:140px\" srcset=\"https:\/\/lakistrzal.com\/wp-content\/uploads\/2023\/10\/22.lr_-1024x394.jpg 1024w, https:\/\/lakistrzal.com\/wp-content\/uploads\/2023\/10\/22.lr_-300x116.jpg 300w, https:\/\/lakistrzal.com\/wp-content\/uploads\/2023\/10\/22.lr_-768x296.jpg 768w, https:\/\/lakistrzal.com\/wp-content\/uploads\/2023\/10\/22.lr_-1536x591.jpg 1536w, https:\/\/lakistrzal.com\/wp-content\/uploads\/2023\/10\/22.lr_.jpg 1600w\" sizes=\"auto, (max-width: 1024px) 100vw, 1024px\" \/><\/figure>\n<\/div>\n<\/div>\n\n\n\n<p class=\"has-text-align-center has-upper-heading-font-size\">\u2714 <strong>Parking<\/strong> \u2714<\/p>\n\n\n\n<p class=\"has-text-align-center has-upper-heading-font-size\">\u2714 <strong>Toaleta<\/strong> \u2714<\/p>\n\n\n\n<p class=\"has-text-align-center has-upper-heading-font-size\">\u2714 <strong>Wiata oraz miejsce na ognisko, grill, stoliki<\/strong> \u2714<\/p>\n\n\n\n<div class=\"wp-block-columns is-layout-flex wp-container-core-columns-is-layout-28f84493 wp-block-columns-is-layout-flex\">\n<div class=\"wp-block-column is-layout-flow wp-block-column-is-layout-flow\">\n<p class=\"has-text-align-center has-upper-heading-font-size\" style=\"margin-top:var(--wp--preset--spacing--80);margin-bottom:0\"><strong>Godziny otwarcia<\/strong><\/p>\n\n\n\n<p class=\"has-text-align-center has-normal-font-size\"><strong>LATO<\/strong><\/p>\n\n\n\n<p class=\"has-text-align-center has-upper-heading-font-size\">Poniedzia\u0142ek &#8211; nieczynne<\/p>\n\n\n\n<p class=\"has-text-align-center has-upper-heading-font-size\">Wtorek &#8211; 10.00-16.00<\/p>\n\n\n\n<p class=\"has-text-align-center has-upper-heading-font-size\">\u015aroda &#8211; 10.00-16.00<\/p>\n\n\n\n<p class=\"has-text-align-center has-upper-heading-font-size\">Czwartek &#8211; 10.00-16.00<\/p>\n\n\n\n<p class=\"has-text-align-center has-upper-heading-font-size\">Pi\u0105tek &#8211; 14.00-19.00<\/p>\n\n\n\n<p class=\"has-text-align-center has-upper-heading-font-size\">Sobota &#8211; 10.00-16.00<\/p>\n\n\n\n<p class=\"has-text-align-center has-upper-heading-font-size\">Niedziela &#8211; 10.00-16.00<\/p>\n<\/div>\n\n\n\n<div class=\"wp-block-column is-layout-flow wp-block-column-is-layout-flow\">\n<p class=\"has-text-align-center has-upper-heading-font-size\" style=\"margin-top:var(--wp--preset--spacing--80);margin-bottom:0\"><strong>Godziny otwarcia<\/strong><\/p>\n\n\n\n<p class=\"has-text-align-center has-normal-font-size\"><strong>ZIMA<\/strong><\/p>\n\n\n\n<p class=\"has-text-align-center has-upper-heading-font-size\">Poniedzia\u0142ek &#8211; nieczynne<\/p>\n\n\n\n<p class=\"has-text-align-center has-upper-heading-font-size\">Wtorek &#8211; 9.00-15.00<\/p>\n\n\n\n<p class=\"has-text-align-center has-upper-heading-font-size\">\u015aroda &#8211; 9.00-15.00<\/p>\n\n\n\n<p class=\"has-text-align-center has-upper-heading-font-size\">Czwartek &#8211; 9.00-15.00<\/p>\n\n\n\n<p class=\"has-text-align-center has-upper-heading-font-size\">Pi\u0105tek &#8211; 14.00-19.00<\/p>\n\n\n\n<p class=\"has-text-align-center has-upper-heading-font-size\">Sobota &#8211; 9.00-15.00<\/p>\n\n\n\n<p class=\"has-text-align-center has-upper-heading-font-size\">Niedziela &#8211; 9.00-15.00<\/p>\n<\/div>\n<\/div>\n\n\n\n<div class=\"wp-block-columns is-style-default is-layout-flex wp-container-core-columns-is-layout-eae17e81 wp-block-columns-is-layout-flex\" style=\"margin-top:var(--wp--preset--spacing--70);margin-bottom:var(--wp--preset--spacing--70)\">\n<div class=\"wp-block-column is-layout-flow wp-block-column-is-layout-flow\" style=\"flex-basis:100%\">\n<p><center><iframe src=\"https:\/\/www.google.com\/maps\/embed?pb=!1m18!1m12!1m3!1d2544.756187644584!2d19.89771367695717!3d50.37110059307339!2m3!1f0!2f0!3f0!3m2!1i1024!2i768!4f13.1!3m3!1m2!1s0x471701dc0b9983f7%3A0xdee908f6d997c41d!2sStrzelnica%20Laki%20Strza%C5%82!5e0!3m2!1spl!2spl!4v1692733783479!5m2!1spl!2spl\" width=\"600\" height=\"450\" style=\"border:0;\" allowfullscreen=\"\" loading=\"lazy\" referrerpolicy=\"no-referrer-when-downgrade\"><\/iframe><\/center><\/p>\n<\/div>\n<\/div>\n","protected":false},"excerpt":{"rendered":"<p>Obiekt szkoleniowy : 3 x o\u015b 10\/12m &#8211; dwu trzy stanowiskowe &#8211; niezale\u017cne &#8211; mo\u017cna prowadzi\u0107 strzelanie z pistoletu, rewolweru, karabink\u00f3w w kalibrze 5.56, oraz strzelba g\u0142adkolufowa, r\u00f3wnie\u017c CP po uprzednim sprawdzeniu przez Lakiego znajomo\u015bci oraz stosowania zasad bezpiecze\u0144stwa, o\u015bki s\u0105 zadaszone 1x o\u015b 50m &#8211; ilo\u015b\u0107 os\u00f3b dostosowana do rodzaju strzela\u0144 &#8211; wg uznania [&hellip;]<\/p>\n","protected":false},"author":1,"featured_media":0,"parent":0,"menu_order":0,"comment_status":"closed","ping_status":"closed","template":"","meta":{"footnotes":""},"class_list":["post-106","page","type-page","status-publish","hentry"],"_links":{"self":[{"href":"https:\/\/lakistrzal.com\/index.php?rest_route=\/wp\/v2\/pages\/106","targetHints":{"allow":["GET"]}}],"collection":[{"href":"https:\/\/lakistrzal.com\/index.php?rest_route=\/wp\/v2\/pages"}],"about":[{"href":"https:\/\/lakistrzal.com\/index.php?rest_route=\/wp\/v2\/types\/page"}],"author":[{"embeddable":true,"href":"https:\/\/lakistrzal.com\/index.php?rest_route=\/wp\/v2\/users\/1"}],"replies":[{"embeddable":true,"href":"https:\/\/lakistrzal.com\/index.php?rest_route=%2Fwp%2Fv2%2Fcomments&post=106"}],"version-history":[{"count":19,"href":"https:\/\/lakistrzal.com\/index.php?rest_route=\/wp\/v2\/pages\/106\/revisions"}],"predecessor-version":[{"id":543,"href":"https:\/\/lakistrzal.com\/index.php?rest_route=\/wp\/v2\/pages\/106\/revisions\/543"}],"wp:attachment":[{"href":"https:\/\/lakistrzal.com\/index.php?rest_route=%2Fwp%2Fv2%2Fmedia&parent=106"}],"curies":[{"name":"wp","href":"https:\/\/api.w.org\/{rel}","templated":true}]}}